{"id":196,"date":"2022-06-01T22:42:10","date_gmt":"2022-06-01T20:42:10","guid":{"rendered":"https:\/\/lewinskylips.com\/?page_id=196"},"modified":"2023-05-30T17:47:48","modified_gmt":"2023-05-30T15:47:48","slug":"links","status":"publish","type":"page","link":"https:\/\/lewinskylips.com\/?page_id=196","title":{"rendered":"Links"},"content":{"rendered":"\t\t<div data-elementor-type=\"wp-page\" data-elementor-id=\"196\" class=\"elementor elementor-196\" data-elementor-post-type=\"page\">\n\t\t\t\t\t\t<section class=\"elementor-section elementor-top-section elementor-element elementor-element-0f66521 elementor-section-boxed elementor-section-height-default elementor-section-height-default\" data-id=\"0f66521\" data-element_type=\"section\">\n\t\t\t\t\t\t<div class=\"elementor-container elementor-column-gap-default\">\n\t\t\t\t\t<div class=\"elementor-column elementor-col-100 elementor-top-column elementor-element elementor-element-cc814d3\" data-id=\"cc814d3\" data-element_type=\"column\">\n\t\t\t<div class=\"elementor-widget-wrap elementor-element-populated\">\n\t\t\t\t\t\t<div class=\"elementor-element elementor-element-863e815 elementor-widget elementor-widget-spacer\" data-id=\"863e815\" data-element_type=\"widget\" data-widget_type=\"spacer.default\">\n\t\t\t\t<div class=\"elementor-widget-container\">\n\t\t\t<style>\/*! elementor - v3.19.0 - 29-01-2024 *\/\n.elementor-column .elementor-spacer-inner{height:var(--spacer-size)}.e-con{--container-widget-width:100%}.e-con-inner>.elementor-widget-spacer,.e-con>.elementor-widget-spacer{width:var(--container-widget-width,var(--spacer-size));--align-self:var(--container-widget-align-self,initial);--flex-shrink:0}.e-con-inner>.elementor-widget-spacer>.elementor-widget-container,.e-con>.elementor-widget-spacer>.elementor-widget-container{height:100%;width:100%}.e-con-inner>.elementor-widget-spacer>.elementor-widget-container>.elementor-spacer,.e-con>.elementor-widget-spacer>.elementor-widget-container>.elementor-spacer{height:100%}.e-con-inner>.elementor-widget-spacer>.elementor-widget-container>.elementor-spacer>.elementor-spacer-inner,.e-con>.elementor-widget-spacer>.elementor-widget-container>.elementor-spacer>.elementor-spacer-inner{height:var(--container-widget-height,var(--spacer-size))}.e-con-inner>.elementor-widget-spacer.elementor-widget-empty,.e-con>.elementor-widget-spacer.elementor-widget-empty{position:relative;min-height:22px;min-width:22px}.e-con-inner>.elementor-widget-spacer.elementor-widget-empty .elementor-widget-empty-icon,.e-con>.elementor-widget-spacer.elementor-widget-empty .elementor-widget-empty-icon{position:absolute;top:0;bottom:0;left:0;right:0;margin:auto;padding:0;width:22px;height:22px}<\/style>\t\t<div class=\"elementor-spacer\">\n\t\t\t<div class=\"elementor-spacer-inner\"><\/div>\n\t\t<\/div>\n\t\t\t\t<\/div>\n\t\t\t\t<\/div>\n\t\t\t\t\t<\/div>\n\t\t<\/div>\n\t\t\t\t\t<\/div>\n\t\t<\/section>\n\t\t\t\t<section class=\"elementor-section elementor-top-section elementor-element elementor-element-cfacb24 elementor-section-boxed elementor-section-height-default elementor-section-height-default\" data-id=\"cfacb24\" data-element_type=\"section\">\n\t\t\t\t\t\t<div class=\"elementor-container elementor-column-gap-default\">\n\t\t\t\t\t<div class=\"elementor-column elementor-col-100 elementor-top-column elementor-element elementor-element-eadf559\" data-id=\"eadf559\" data-element_type=\"column\">\n\t\t\t<div class=\"elementor-widget-wrap elementor-element-populated\">\n\t\t\t\t\t\t<div class=\"elementor-element elementor-element-2887eb5 elementor-grid-3 elementor-grid-tablet-2 elementor-grid-mobile-1 elementor-posts--thumbnail-top elementor-widget elementor-widget-posts\" data-id=\"2887eb5\" data-element_type=\"widget\" data-settings=\"{&quot;classic_columns&quot;:&quot;3&quot;,&quot;classic_columns_tablet&quot;:&quot;2&quot;,&quot;classic_columns_mobile&quot;:&quot;1&quot;,&quot;classic_row_gap&quot;:{&quot;unit&quot;:&quot;px&quot;,&quot;size&quot;:35,&quot;sizes&quot;:[]},&quot;classic_row_gap_tablet&quot;:{&quot;unit&quot;:&quot;px&quot;,&quot;size&quot;:&quot;&quot;,&quot;sizes&quot;:[]},&quot;classic_row_gap_mobile&quot;:{&quot;unit&quot;:&quot;px&quot;,&quot;size&quot;:&quot;&quot;,&quot;sizes&quot;:[]}}\" data-widget_type=\"posts.classic\">\n\t\t\t\t<div class=\"elementor-widget-container\">\n\t\t\t<link rel=\"stylesheet\" href=\"https:\/\/lewinskylips.com\/wp-content\/plugins\/elementor-pro\/assets\/css\/widget-posts.min.css\">\t\t<div class=\"elementor-posts-container elementor-posts elementor-posts--skin-classic elementor-grid\">\n\t\t\t\t<article class=\"elementor-post elementor-grid-item post-2344 post type-post status-publish format-standard has-post-thumbnail hentry category-link\">\n\t\t\t\t<a class=\"elementor-post__thumbnail__link\" href=\"https:\/\/lewinskylips.com\/?p=2344\" tabindex=\"-1\" >\n\t\t\t<div class=\"elementor-post__thumbnail\"><img fetchpriority=\"high\" decoding=\"async\" width=\"300\" height=\"300\" src=\"https:\/\/lewinskylips.com\/wp-content\/uploads\/2022\/06\/localitiz-300x300.png\" class=\"attachment-medium size-medium wp-image-672\" alt=\"\" srcset=\"https:\/\/lewinskylips.com\/wp-content\/uploads\/2022\/06\/localitiz-300x300.png 300w, https:\/\/lewinskylips.com\/wp-content\/uploads\/2022\/06\/localitiz-1024x1024.png 1024w, https:\/\/lewinskylips.com\/wp-content\/uploads\/2022\/06\/localitiz-150x150.png 150w, https:\/\/lewinskylips.com\/wp-content\/uploads\/2022\/06\/localitiz-768x768.png 768w, https:\/\/lewinskylips.com\/wp-content\/uploads\/2022\/06\/localitiz.png 1500w\" sizes=\"(max-width: 300px) 100vw, 300px\" \/><\/div>\n\t\t<\/a>\n\t\t\t\t<div class=\"elementor-post__text\">\n\t\t\t\t<h5 class=\"elementor-post__title\">\n\t\t\t<a href=\"https:\/\/lewinskylips.com\/?p=2344\" >\n\t\t\t\tRadio Localitiz\t\t\t<\/a>\n\t\t<\/h5>\n\t\t\t\t<div class=\"elementor-post__excerpt\">\n\t\t\t<p>Une super radio qui met en avant les artistes de votre r\u00e9gion dans son \u00e9mission &#8220;Le Coin des Artistes&#8221;<\/p>\n\t\t<\/div>\n\t\t\t\t<\/div>\n\t\t\t\t<\/article>\n\t\t\t\t<article class=\"elementor-post elementor-grid-item post-2341 post type-post status-publish format-standard has-post-thumbnail hentry category-link\">\n\t\t\t\t<a class=\"elementor-post__thumbnail__link\" href=\"https:\/\/lewinskylips.com\/?p=2341\" tabindex=\"-1\" >\n\t\t\t<div class=\"elementor-post__thumbnail\"><img decoding=\"async\" width=\"300\" height=\"243\" src=\"https:\/\/lewinskylips.com\/wp-content\/uploads\/2023\/05\/TheGentlemensFall-e1684887638886-300x243.jpg\" class=\"attachment-medium size-medium wp-image-2342\" alt=\"\" srcset=\"https:\/\/lewinskylips.com\/wp-content\/uploads\/2023\/05\/TheGentlemensFall-e1684887638886-300x243.jpg 300w, https:\/\/lewinskylips.com\/wp-content\/uploads\/2023\/05\/TheGentlemensFall-e1684887638886-1024x831.jpg 1024w, https:\/\/lewinskylips.com\/wp-content\/uploads\/2023\/05\/TheGentlemensFall-e1684887638886-768x623.jpg 768w, https:\/\/lewinskylips.com\/wp-content\/uploads\/2023\/05\/TheGentlemensFall-e1684887638886.jpg 1034w\" sizes=\"(max-width: 300px) 100vw, 300px\" \/><\/div>\n\t\t<\/a>\n\t\t\t\t<div class=\"elementor-post__text\">\n\t\t\t\t<h5 class=\"elementor-post__title\">\n\t\t\t<a href=\"https:\/\/lewinskylips.com\/?p=2341\" >\n\t\t\t\tThe Gentlemen&#8217;s Fall\t\t\t<\/a>\n\t\t<\/h5>\n\t\t\t\t<div class=\"elementor-post__excerpt\">\n\t\t\t<p>Eux aussi ont de l&#8217;\u00e9nergie \u00e0 revendre. Bref, on aime. Allez les voir en concert.<\/p>\n\t\t<\/div>\n\t\t\t\t<\/div>\n\t\t\t\t<\/article>\n\t\t\t\t<article class=\"elementor-post elementor-grid-item post-2108 post type-post status-publish format-standard has-post-thumbnail hentry category-link\">\n\t\t\t\t<a class=\"elementor-post__thumbnail__link\" href=\"https:\/\/lewinskylips.com\/?p=2108\" tabindex=\"-1\" >\n\t\t\t<div class=\"elementor-post__thumbnail\"><img decoding=\"async\" width=\"300\" height=\"300\" src=\"https:\/\/lewinskylips.com\/wp-content\/uploads\/2023\/05\/placid-parc-300x300.jpg\" class=\"attachment-medium size-medium wp-image-2109\" alt=\"\" srcset=\"https:\/\/lewinskylips.com\/wp-content\/uploads\/2023\/05\/placid-parc-300x300.jpg 300w, https:\/\/lewinskylips.com\/wp-content\/uploads\/2023\/05\/placid-parc-1024x1024.jpg 1024w, https:\/\/lewinskylips.com\/wp-content\/uploads\/2023\/05\/placid-parc-150x150.jpg 150w, https:\/\/lewinskylips.com\/wp-content\/uploads\/2023\/05\/placid-parc-768x768.jpg 768w, https:\/\/lewinskylips.com\/wp-content\/uploads\/2023\/05\/placid-parc-1536x1536.jpg 1536w, https:\/\/lewinskylips.com\/wp-content\/uploads\/2023\/05\/placid-parc.jpg 1920w\" sizes=\"(max-width: 300px) 100vw, 300px\" \/><\/div>\n\t\t<\/a>\n\t\t\t\t<div class=\"elementor-post__text\">\n\t\t\t\t<h5 class=\"elementor-post__title\">\n\t\t\t<a href=\"https:\/\/lewinskylips.com\/?p=2108\" >\n\t\t\t\tPlacid Parc\t\t\t<\/a>\n\t\t<\/h5>\n\t\t\t\t<div class=\"elementor-post__excerpt\">\n\t\t\t<p>Un bon groupe du coin. Indie rock ? power rock ? On ne sait pas vraiment comment d\u00e9finir leur style. En tout cas, foncez les voir. H\u00e2te de refaire des sc\u00e8nes ensemble.<\/p>\n\t\t<\/div>\n\t\t\t\t<\/div>\n\t\t\t\t<\/article>\n\t\t\t\t<\/div>\n\t\t\n\t\t\t\t<\/div>\n\t\t\t\t<\/div>\n\t\t\t\t\t<\/div>\n\t\t<\/div>\n\t\t\t\t\t<\/div>\n\t\t<\/section>\n\t\t\t\t<\/div>\n\t\t","protected":false},"excerpt":{"rendered":"","protected":false},"author":1,"featured_media":0,"parent":0,"menu_order":0,"comment_status":"closed","ping_status":"closed","template":"","meta":{"footnotes":""},"class_list":["post-196","page","type-page","status-publish","hentry"],"_links":{"self":[{"href":"https:\/\/lewinskylips.com\/index.php?rest_route=\/wp\/v2\/pages\/196","targetHints":{"allow":["GET"]}}],"collection":[{"href":"https:\/\/lewinskylips.com\/index.php?rest_route=\/wp\/v2\/pages"}],"about":[{"href":"https:\/\/lewinskylips.com\/index.php?rest_route=\/wp\/v2\/types\/page"}],"author":[{"embeddable":true,"href":"https:\/\/lewinskylips.com\/index.php?rest_route=\/wp\/v2\/users\/1"}],"replies":[{"embeddable":true,"href":"https:\/\/lewinskylips.com\/index.php?rest_route=%2Fwp%2Fv2%2Fcomments&post=196"}],"version-history":[{"count":54,"href":"https:\/\/lewinskylips.com\/index.php?rest_route=\/wp\/v2\/pages\/196\/revisions"}],"predecessor-version":[{"id":3305,"href":"https:\/\/lewinskylips.com\/index.php?rest_route=\/wp\/v2\/pages\/196\/revisions\/3305"}],"wp:attachment":[{"href":"https:\/\/lewinskylips.com\/index.php?rest_route=%2Fwp%2Fv2%2Fmedia&parent=196"}],"curies":[{"name":"wp","href":"https:\/\/api.w.org\/{rel}","templated":true}]}}